{"id":965,"date":"2021-04-18T17:48:36","date_gmt":"2021-04-18T16:48:36","guid":{"rendered":"https:\/\/gaborkallos.com\/website\/?page_id=965"},"modified":"2021-06-29T09:52:57","modified_gmt":"2021-06-29T08:52:57","slug":"nepmesepontok","status":"publish","type":"page","link":"https:\/\/nepmese.hagyomanyokhaza.hu\/index.php\/nepmesepontok\/","title":{"rendered":"N\u00e9pmesepontok"},"content":{"rendered":"<p>A Nemzeti Korm\u00e1nyzati c\u00e9lokkal \u00f6sszhangban, 2015. szeptember 29-\u00e9n, Benedek Elek sz\u00fclet\u00e9s\u00e9nek 156. \u00e9vfordul\u00f3ja, a N\u00e9pmese Napja alkalm\u00e1b\u00f3l hirdette meg az Emberi Er\u0151forr\u00e1sok Miniszt\u00e9riuma a \u201eMinden este n\u00e9pmese!\u201d programot a Hagyom\u00e1nyok H\u00e1z\u00e1val \u00e9s szakmai partnereivel k\u00f6z\u00f6sen. A program c\u00e9lja a n\u00e9pmesemond\u00e1s hagyom\u00e1ny\u00e1nak feleleven\u00edt\u00e9se, n\u00e9pszer\u0171s\u00edt\u00e9se \u00e9s \u00fajszer\u0171 alkalmaz\u00e1sa volt, azon tudom\u00e1nyosan is al\u00e1t\u00e1masztott eredm\u00e9nyekre \u00e9p\u00edtve, melyek egy\u00e9rtelm\u0171s\u00edtik a mes\u00e9l\u00e9s, k\u00fcl\u00f6n\u00f6sen az \u00e9l\u0151szavas mesemond\u00e1s j\u00f3t\u00e9kony hat\u00e1s\u00e1t a gyermekek szem\u00e9lyis\u00e9gfejl\u0151d\u00e9s\u00e9re.<br \/>\n<span id=\"dots\">&#8230;<\/span><span id=\"more\"><br \/>\n<!--more--><br \/>\nA kezdeti eredm\u00e9nyek t\u00fckr\u00e9ben, a Korm\u00e1ny t\u00e1mogat\u00e1s\u00e1val, a Csal\u00e1dok \u00e9v\u00e9vel p\u00e1rhuzamosan, a budapesti Mesem\u00fazeum mint\u00e1ja alapj\u00e1n elindult az orsz\u00e1gos N\u00e9pmesePont h\u00e1l\u00f3zat kialak\u00edt\u00e1sa. Ennek eredm\u00e9nyek\u00e9nt ma orsz\u00e1gszerte tizenn\u00e9gy helysz\u00ednen van lehet\u0151s\u00e9ge a magyar csal\u00e1doknak hiteles, hagyom\u00e1nyainkat t\u00e1mogat\u00f3 k\u00f6rnyezetben, min\u0151s\u00e9gi id\u0151t elt\u00f6lteni gyermekeikkel.<br \/>\nA rendszeres mesemond\u00e1s kiemelt szerepet j\u00e1tszik gyermekeink sz\u00f3kincs\u00e9nek b\u0151v\u00edt\u00e9s\u00e9ben, besz\u00e9dk\u00e9szs\u00e9g\u00e9nek jav\u00edt\u00e1s\u00e1ban, fant\u00e1zi\u00e1juk eg\u00e9szs\u00e9ges \u00e9s kreat\u00edv fejleszt\u00e9s\u00e9ben. Mindezek mellett sz\u00e1munkra legal\u00e1bb ugyanennyire fontos a n\u00e9pmes\u00e9k \u00e1ltal k\u00f6zvet\u00edtett nemzeti hagyom\u00e1nyaink k\u00f6z\u00f6ss\u00e9gi megtart\u00f3 szerepe is. A nemzet \u00f6sszetart\u00f3 ereje az anyanyelvi \u00e9s kultur\u00e1lis \u00e9rt\u00e9keinkben, valamint a k\u00f6z\u00f6s t\u00f6rt\u00e9nelm\u00fcnkben gy\u00f6keredzik, melyhez szem\u00e9lyes kapcsol\u00f3d\u00e1sunk a sz\u00fcleink, nagysz\u00fcleink \u00e9s d\u00e9dsz\u00fcleink \u00e1ltal elmes\u00e9lt t\u00f6rt\u00e9neteken kereszt\u00fcl \u00e9l tov\u00e1bb benn\u00fcnk. A vil\u00e1gr\u00f3l, egym\u00e1sr\u00f3l alkotott szeml\u00e9letm\u00f3dunkat kulcsk\u00e9nt \u0151rzik sz\u00e1munkra a n\u00e9pmes\u00e9k, melyek meg\u00f3v\u00e1sa \u00e9s fejleszt\u00e9se k\u00f6z\u00f6s, nemzeti \u00e9rdek\u00fcnk.<br \/>\nA globaliz\u00e1ci\u00f3 t\u00e9rnyer\u00e9se \u00e9s a fogyaszt\u00f3i t\u00e1rsadalom \u00e1ltal k\u00f6zvet\u00edtett mint\u00e1k hat\u00e1s\u00e1rafokozatosan elmos\u00f3dnak a k\u00fcl\u00f6nb\u00f6z\u0151 kult\u00far\u00e1k k\u00f6z\u00f6tti hat\u00e1rvonalak, \u00e9s a m\u00e1r kora gyermekkort\u00f3l hozz\u00e1f\u00e9rhet\u0151, sokszor nem megfelel\u0151en alkalmazott technol\u00f3giai eszk\u00f6z\u00f6k \u00e1rnyoldalak\u00e9nt megfigyelhet\u0151 egyfajta elmag\u00e1nyosod\u00e1s a kib\u0151v\u00fclt vil\u00e1gban.<br \/>\nEz\u00e9rt napjainkban az egyetemes, kereszt\u00e9ny-eur\u00f3pai \u00e9rt\u00e9keink jelent\u0151s\u00e9ge \u00e9s azok marad\u00e9ktalan \u00e1tad\u00e1sa az egyens\u00faly megtal\u00e1l\u00e1s\u00e1nak \u00e9s megtart\u00e1s\u00e1nak szempontj\u00e1b\u00f3l m\u00e9g ink\u00e1bb fel\u00e9rt\u00e9kel\u0151dik. Nagyon fontos, hogy a feln\u00f6vekv\u0151 gener\u00e1ci\u00f3k min\u00e9l t\u00f6bb mes\u00e9t, t\u00f6rt\u00e9netet halljanak, melyeken kereszt\u00fcl j\u00e1t\u00e9kos form\u00e1ban megismerhetik a feln\u0151tt\u00e9 v\u00e1l\u00e1shoz vezet\u0151 \u00fat pr\u00f3bat\u00e9teleit, megtanulhatnak k\u00fcl\u00f6nbs\u00e9get tenni a k\u00f6vetend\u0151 j\u00f3 \u00e9s a lek\u00fczdend\u0151 rossz k\u00f6z\u00f6tt.<br \/>\nEbben a k\u00fcldet\u00e9sben tesznek el\u00e9v\u00fclhetetlen szolg\u00e1latot annak az orsz\u00e1gosan tizenn\u00e9gy N\u00e9pmesePontnak a munkat\u00e1rsai, valamint a program szakmai felel\u0151sei, akik munk\u00e1jukkal hozz\u00e1j\u00e1rulnak, hogy az \u00fajabb \u00e9s \u00fajabb n\u00e9pmesepontok \u2013 melyek egyszerre j\u00e1tsz\u00f3h\u00e1zak \u00e9s k\u00f6z\u00f6ss\u00e9gi terek is \u2013 a n\u00e9pmese \u00e9s ezzel nemzeti hagyom\u00e1nyaink meg\u00e9l\u00e9s\u00e9nek fontos helysz\u00ednei legyenek.<\/span><\/p>\n<h4 id=\"myBtn\" style=\"cursor: pointer;\"  onclick=\"readMore()\">Olvasd tov\u00e1bb<\/h4>\n<p><\/br><\/p>\n<blockquote class=\"alignleft\"><p>\n<img loading=\"lazy\" class=\"alignnone size-full wp-image-967\" src=\"https:\/\/nepmese.hagyomanyokhaza.hu\/wp-content\/uploads\/2021\/04\/nepmesepontok.png\" alt=\"\" width=\"1066\" height=\"682\" srcset=\"https:\/\/nepmese.hagyomanyokhaza.hu\/wp-content\/uploads\/2021\/04\/nepmesepontok.png 1066w, https:\/\/nepmese.hagyomanyokhaza.hu\/wp-content\/uploads\/2021\/04\/nepmesepontok-300x192.png 300w, https:\/\/nepmese.hagyomanyokhaza.hu\/wp-content\/uploads\/2021\/04\/nepmesepontok-1024x655.png 1024w, https:\/\/nepmese.hagyomanyokhaza.hu\/wp-content\/uploads\/2021\/04\/nepmesepontok-768x491.png 768w\" sizes=\"(max-width: 706px) 89vw, (max-width: 767px) 82vw, 740px\" \/>\n<\/p><\/blockquote>\n\n<form action=\"\/index.php\"><input type=\"submit\" value=\"Vissza a f\u0151oldalra\" \/><\/form>\n<p><script>\nfunction readMore() {\n  var dots = document.getElementById(\"dots\");\n  var moreText = document.getElementById(\"more\");\n  var btnText = document.getElementById(\"myBtn\");\n  if (dots.style.display === \"none\") {\n    dots.style.display = \"inline\";\n    btnText.innerHTML = \"Olvasd tov\u00e1bb\"; \n    moreText.style.display = \"none\";\n  } else {\n    dots.style.display = \"none\";\n    btnText.innerHTML = \"Mutass kevesebbet\"; \n    moreText.style.display = \"inline\";\n  }\n}\n<\/script><br \/>\n<script>\nfunction openUrl(city) {\nvar url = 'https:\/\/nepmese.hagyomanyokhaza.hu\/index.php\/nepmesepont?varos='+city\n window.location.replace(url);\n}\n<\/script><\/p>\n<style>\n#more {display: none;}<br \/>\n<\/style>\n<\/blockquote>\n","protected":false},"excerpt":{"rendered":"<p>A Nemzeti Korm\u00e1nyzati c\u00e9lokkal \u00f6sszhangban, 2015. szeptember 29-\u00e9n, Benedek Elek sz\u00fclet\u00e9s\u00e9nek 156. \u00e9vfordul\u00f3ja, a N\u00e9pmese Napja alkalm\u00e1b\u00f3l hirdette meg az Emberi Er\u0151forr\u00e1sok Miniszt\u00e9riuma a \u201eMinden este n\u00e9pmese!\u201d programot a Hagyom\u00e1nyok &hellip; <\/p>\n<p class=\"link-more\"><a href=\"https:\/\/nepmese.hagyomanyokhaza.hu\/index.php\/nepmesepontok\/\" class=\"more-link\"><span class=\"screen-reader-text\">&#8220;N\u00e9pmesepontok&#8221;<\/span> b\u0151vebben<\/a><\/p>\n","protected":false},"author":1,"featured_media":1871,"parent":0,"menu_order":0,"comment_status":"closed","ping_status":"closed","template":"","meta":{"_EventAllDay":false,"_EventTimezone":"","_EventStartDate":"","_EventEndDate":"","_EventStartDateUTC":"","_EventEndDateUTC":"","_EventShowMap":false,"_EventShowMapLink":false,"_EventURL":"","_EventCost":"","_EventCostDescription":"","_EventCurrencySymbol":"","_EventCurrencyCode":"","_EventCurrencyPosition":"","_EventDateTimeSeparator":"","_EventTimeRangeSeparator":"","_EventOrganizerID":[],"_EventVenueID":0,"_OrganizerEmail":"","_OrganizerPhone":"","_OrganizerWebsite":"","_VenueAddress":"","_VenueCity":"","_VenueCountry":"","_VenueProvince":"","_VenueZip":"","_VenuePhone":"","_VenueURL":"","_VenueStateProvince":"","_VenueLat":"","_VenueLng":""},"_links":{"self":[{"href":"https:\/\/nepmese.hagyomanyokhaza.hu\/index.php\/wp-json\/wp\/v2\/pages\/965"}],"collection":[{"href":"https:\/\/nepmese.hagyomanyokhaza.hu\/index.php\/wp-json\/wp\/v2\/pages"}],"about":[{"href":"https:\/\/nepmese.hagyomanyokhaza.hu\/index.php\/wp-json\/wp\/v2\/types\/page"}],"author":[{"embeddable":true,"href":"https:\/\/nepmese.hagyomanyokhaza.hu\/index.php\/wp-json\/wp\/v2\/users\/1"}],"replies":[{"embeddable":true,"href":"https:\/\/nepmese.hagyomanyokhaza.hu\/index.php\/wp-json\/wp\/v2\/comments?post=965"}],"version-history":[{"count":60,"href":"https:\/\/nepmese.hagyomanyokhaza.hu\/index.php\/wp-json\/wp\/v2\/pages\/965\/revisions"}],"predecessor-version":[{"id":1901,"href":"https:\/\/nepmese.hagyomanyokhaza.hu\/index.php\/wp-json\/wp\/v2\/pages\/965\/revisions\/1901"}],"wp:featuredmedia":[{"embeddable":true,"href":"https:\/\/nepmese.hagyomanyokhaza.hu\/index.php\/wp-json\/wp\/v2\/media\/1871"}],"wp:attachment":[{"href":"https:\/\/nepmese.hagyomanyokhaza.hu\/index.php\/wp-json\/wp\/v2\/media?parent=965"}],"curies":[{"name":"wp","href":"https:\/\/api.w.org\/{rel}","templated":true}]}}