{"id":806,"date":"2021-04-17T14:13:12","date_gmt":"2021-04-17T13:13:12","guid":{"rendered":"https:\/\/gaborkallos.com\/website\/?page_id=806"},"modified":"2021-06-29T08:16:03","modified_gmt":"2021-06-29T07:16:03","slug":"folklor-bibliografia","status":"publish","type":"page","link":"https:\/\/nepmese.hagyomanyokhaza.hu\/index.php\/folklor-bibliografia\/","title":{"rendered":"Folkl\u00f3r bibliogr\u00e1fia"},"content":{"rendered":"\n<p><\/br><\/p>\n<table>\n<tr>\n<td>\n<form action=\"\/index.php\/mesebibliografia\/\"><input type=\"submit\" value=\"Mese Bibliogr\u00e1fia\"\/><\/form>\n<\/td>\n<td>\n<form action=\"\/index.php\/kiadvanyok\/\"><input type=\"submit\" value=\"Annot\u00e1lt n\u00e9pmese-bibliogr\u00e1fia\"\/><\/form>\n<\/td>\n<\/tr>\n<\/table>\n<form action=\"\/\"><input type=\"submit\" value=\"Vissza a f\u0151oldalra\"\/><\/form>\n<p><script>\nfunction toogle(id) {\n  var x = document.getElementById(id);\n  if (x.style.display === \"none\") {\n    x.style.display = \"block\";\n  } else {\n    x.style.display = \"none\";\n  }\n}\n<\/script><\/p>\n","protected":false},"excerpt":{"rendered":"","protected":false},"author":1,"featured_media":0,"parent":0,"menu_order":0,"comment_status":"closed","ping_status":"closed","template":"","meta":{"_EventAllDay":false,"_EventTimezone":"","_EventStartDate":"","_EventEndDate":"","_EventStartDateUTC":"","_EventEndDateUTC":"","_EventShowMap":false,"_EventShowMapLink":false,"_EventURL":"","_EventCost":"","_EventCostDescription":"","_EventCurrencySymbol":"","_EventCurrencyCode":"","_EventCurrencyPosition":"","_EventDateTimeSeparator":"","_EventTimeRangeSeparator":"","_EventOrganizerID":[],"_EventVenueID":0,"_OrganizerEmail":"","_OrganizerPhone":"","_OrganizerWebsite":"","_VenueAddress":"","_VenueCity":"","_VenueCountry":"","_VenueProvince":"","_VenueZip":"","_VenuePhone":"","_VenueURL":"","_VenueStateProvince":"","_VenueLat":"","_VenueLng":""},"_links":{"self":[{"href":"https:\/\/nepmese.hagyomanyokhaza.hu\/index.php\/wp-json\/wp\/v2\/pages\/806"}],"collection":[{"href":"https:\/\/nepmese.hagyomanyokhaza.hu\/index.php\/wp-json\/wp\/v2\/pages"}],"about":[{"href":"https:\/\/nepmese.hagyomanyokhaza.hu\/index.php\/wp-json\/wp\/v2\/types\/page"}],"author":[{"embeddable":true,"href":"https:\/\/nepmese.hagyomanyokhaza.hu\/index.php\/wp-json\/wp\/v2\/users\/1"}],"replies":[{"embeddable":true,"href":"https:\/\/nepmese.hagyomanyokhaza.hu\/index.php\/wp-json\/wp\/v2\/comments?post=806"}],"version-history":[{"count":2,"href":"https:\/\/nepmese.hagyomanyokhaza.hu\/index.php\/wp-json\/wp\/v2\/pages\/806\/revisions"}],"predecessor-version":[{"id":1655,"href":"https:\/\/nepmese.hagyomanyokhaza.hu\/index.php\/wp-json\/wp\/v2\/pages\/806\/revisions\/1655"}],"wp:attachment":[{"href":"https:\/\/nepmese.hagyomanyokhaza.hu\/index.php\/wp-json\/wp\/v2\/media?parent=806"}],"curies":[{"name":"wp","href":"https:\/\/api.w.org\/{rel}","templated":true}]}}