{"id":736,"date":"2021-04-17T08:35:51","date_gmt":"2021-04-17T07:35:51","guid":{"rendered":"https:\/\/gaborkallos.com\/website\/?page_id=736"},"modified":"2021-04-17T08:57:02","modified_gmt":"2021-04-17T07:57:02","slug":"a-nepmese-esztetikuma","status":"publish","type":"page","link":"https:\/\/nepmese.hagyomanyokhaza.hu\/index.php\/a-nepmese-esztetikuma\/","title":{"rendered":"A n\u00e9pmese eszt\u00e9tikuma"},"content":{"rendered":"<div class=\"toogle-wiki\" onclick=toogleId('1')>A n\u00e9pmese eszt\u00e9tikuma<\/div>\n<div id=1 class=\"tab2\" style=\"display:none\">\n<\/br>A mese sz\u00e9ps\u00e9g\u00e9t sok oldalr\u00f3l megk\u00f6zel\u00edthetj\u00fck. Mindenekel\u0151tt k\u00f6z\u00f6ss\u00e9gi jellege figyelemre m\u00e9lt\u00f3: mindenki sz\u00e1m\u00e1ra \u00e9rthet\u0151 \u00e9s el\u00e9rhet\u0151 tud\u00e1s, mindig a mesemond\u00e1s adott helyzet\u00e9hez igazodik, a mesemond\u00f3 \u00e9s k\u00f6z\u00f6ns\u00e9ge k\u00f6z\u00f6tti \u00e1lland\u00f3 interakci\u00f3k ment\u00e9n, r\u00f6gt\u00f6n\u00f6zve, vari\u00e1l\u00f3dva j\u00f6n l\u00e9tre. T\u00f6rt\u00e9netis\u00e9g\u00e9hez tartozik a k\u00fcl\u00f6nb\u00f6z\u0151 mesei m\u0171fajok kialakul\u00e1sa \u00e9s az aktu\u00e1lis viszonyokra val\u00f3 reflekt\u00e1l\u00e1s. Szerkezeti szempontb\u00f3l jellemzi az epiz\u00f3dok \u00e9s a szerepl\u0151k felcser\u00e9lhet\u0151s\u00e9ge egyazon cselekm\u00e9ny keretein bel\u00fcl, ami egyben a mese v\u00e1gyszer\u0171s\u00e9g\u00e9t, irre\u00e1lis ut\u00f3piajelleg\u0171 sz\u00e9ps\u00e9g\u00e9t adja, mely a term\u00e9szetfeletti \u00e9s leny\u0171g\u00f6z\u0151 elemek megjelen\u00e9s\u00e9vel csak fokoz\u00f3dik. Jellemz\u0151je az izgalmas fejl\u0151d\u00e9st\u00f6rt\u00e9net, a csoda, a mesei borzalom, a mor\u00e1l, a katartikus, jellemz\u0151en pozit\u00edv v\u00e9gkicseng\u00e9s, a humoros csattan\u00f3. Po\u00e9tikailag a n\u00e9pk\u00f6lt\u00e9si m\u0171fajok legvirtu\u00f3zabb m\u0171faja, az anyanyelv sz\u00f3kincs\u00e9nek legb\u0151vebb t\u00e1rh\u00e1za jelenhet meg benne. Az el\u0151ad\u00e1sok nyelvi jellegzetess\u00e9gei mesem\u0171fajonk\u00e9nt v\u00e1ltoz\u00f3ak (pl. m\u00e1s egy t\u00fcnd\u00e9rmese, \u00e9s m\u00e1s egy tan\u00edt\u00f3 \u00e1llatmese sz\u00f3kincse). A mes\u00e9k k\u00f6z\u00f6tt egyedi jelleg\u0171 a csalimese, illetve a formulamese, mely a n\u00e9pmese m\u0171faj par\u00f3di\u00e1ja. A mese jelleg\u00e9b\u0151l fakad\u00f3an a fikci\u00f3 m\u0171faj\u00e1ba tartozik, azaz a mesemond\u00f3 \u00e9s a mesehallgat\u00f3 is tiszt\u00e1ban van azzal, hogy a t\u00f6rt\u00e9net egy elk\u00e9pzelt (mesei) vil\u00e1gban j\u00e1tsz\u00f3dik. Alapvet\u0151 benne a val\u00f3s\u00e1gt\u00f3l elrugaszkodotts\u00e1g: a v\u00e1gyak \u00e9s c\u00e9lok term\u00e9szetfeletti \u00faton, a mesei csod\u00e1nak k\u00f6sz\u00f6nhet\u0151en teljes\u00fclnek. A mese \u00e1lland\u00f3 eszk\u00f6ze az ism\u00e9tl\u00e9s, a dolgok felnagy\u00edt\u00e1sa, vagyis a mesei t\u00falz\u00e1s, a megszem\u00e9lyes\u00edt\u00e9s (besz\u00e9l\u0151 \u00e1llatok), valamint az \u00e1lland\u00f3 jelz\u0151k (Le\u00e1nysz\u00edn B\u00e1lint, Gy\u00f6ngysz\u00edn Ilona). Mivel a fant\u00e1zia vil\u00e1g\u00e1ban minden lehets\u00e9ges, \u00edgy szerepelhetnek csod\u00e1s \u00e1tv\u00e1ltoz\u00e1sok (h\u0151s \u00e1llatt\u00e1, t\u00e1rggy\u00e1 v\u00e1ltozik, majd vissza), a term\u00e9szetfeletti k\u00e9pess\u00e9g \u00e9s a lehetetlen megval\u00f3s\u00edt\u00e1sa. A mese igen fontos eszt\u00e9tikai jellemz\u0151je a humor. A nevet\u00e9s \u00e1ltal a k\u00f6z\u00f6ns\u00e9g lelki \u00fcd\u00fcl\u00e9s\u00e9re, illetve moraliz\u00e1l\u00f3, borzongat\u00f3 mint\u00e1val szolg\u00e1l, mely a hallgat\u00f3s\u00e1g sz\u00e1m\u00e1ra ak\u00e1r egyfajta elrettent\u0151 p\u00e9lda, oktat\u00f3 t\u00f6rt\u00e9net is lehet. <\/br><\/br><\/div>\n<p><\/br><\/p>\n<form action=\"\/website\/mesewiki\">\n    <input type=\"submit\" value=\"Vissza\" \/><br \/>\n<\/form>\n<p><script>\nfunction toogleId(id) {\n  var x = document.getElementById(id);\n  if (x.style.display === \"none\") {\n    x.style.display = \"block\";\n  } else {\n    x.style.display = \"none\";\n  }\n}\n<\/script><\/p>\n","protected":false},"excerpt":{"rendered":"<p>A n\u00e9pmese eszt\u00e9tikuma A mese sz\u00e9ps\u00e9g\u00e9t sok oldalr\u00f3l megk\u00f6zel\u00edthetj\u00fck. Mindenekel\u0151tt k\u00f6z\u00f6ss\u00e9gi jellege figyelemre m\u00e9lt\u00f3: mindenki sz\u00e1m\u00e1ra \u00e9rthet\u0151 \u00e9s el\u00e9rhet\u0151 tud\u00e1s, mindig a mesemond\u00e1s adott helyzet\u00e9hez igazodik, a mesemond\u00f3 \u00e9s k\u00f6z\u00f6ns\u00e9ge &hellip; <\/p>\n<p class=\"link-more\"><a href=\"https:\/\/nepmese.hagyomanyokhaza.hu\/index.php\/a-nepmese-esztetikuma\/\" class=\"more-link\"><span class=\"screen-reader-text\">&#8220;A n\u00e9pmese eszt\u00e9tikuma&#8221;<\/span> b\u0151vebben<\/a><\/p>\n","protected":false},"author":1,"featured_media":0,"parent":0,"menu_order":0,"comment_status":"closed","ping_status":"closed","template":"","meta":{"_EventAllDay":false,"_EventTimezone":"","_EventStartDate":"","_EventEndDate":"","_EventStartDateUTC":"","_EventEndDateUTC":"","_EventShowMap":false,"_EventShowMapLink":false,"_EventURL":"","_EventCost":"","_EventCostDescription":"","_EventCurrencySymbol":"","_EventCurrencyCode":"","_EventCurrencyPosition":"","_EventDateTimeSeparator":"","_EventTimeRangeSeparator":"","_EventOrganizerID":[],"_EventVenueID":0,"_OrganizerEmail":"","_OrganizerPhone":"","_OrganizerWebsite":"","_VenueAddress":"","_VenueCity":"","_VenueCountry":"","_VenueProvince":"","_VenueZip":"","_VenuePhone":"","_VenueURL":"","_VenueStateProvince":"","_VenueLat":"","_VenueLng":""},"_links":{"self":[{"href":"https:\/\/nepmese.hagyomanyokhaza.hu\/index.php\/wp-json\/wp\/v2\/pages\/736"}],"collection":[{"href":"https:\/\/nepmese.hagyomanyokhaza.hu\/index.php\/wp-json\/wp\/v2\/pages"}],"about":[{"href":"https:\/\/nepmese.hagyomanyokhaza.hu\/index.php\/wp-json\/wp\/v2\/types\/page"}],"author":[{"embeddable":true,"href":"https:\/\/nepmese.hagyomanyokhaza.hu\/index.php\/wp-json\/wp\/v2\/users\/1"}],"replies":[{"embeddable":true,"href":"https:\/\/nepmese.hagyomanyokhaza.hu\/index.php\/wp-json\/wp\/v2\/comments?post=736"}],"version-history":[{"count":4,"href":"https:\/\/nepmese.hagyomanyokhaza.hu\/index.php\/wp-json\/wp\/v2\/pages\/736\/revisions"}],"predecessor-version":[{"id":751,"href":"https:\/\/nepmese.hagyomanyokhaza.hu\/index.php\/wp-json\/wp\/v2\/pages\/736\/revisions\/751"}],"wp:attachment":[{"href":"https:\/\/nepmese.hagyomanyokhaza.hu\/index.php\/wp-json\/wp\/v2\/media?parent=736"}],"curies":[{"name":"wp","href":"https:\/\/api.w.org\/{rel}","templated":true}]}}