{"id":643,"date":"2021-04-16T17:59:19","date_gmt":"2021-04-16T16:59:19","guid":{"rendered":"https:\/\/gaborkallos.com\/website\/?page_id=643"},"modified":"2021-05-14T08:25:52","modified_gmt":"2021-05-14T07:25:52","slug":"mesewiki","status":"publish","type":"page","link":"https:\/\/nepmese.hagyomanyokhaza.hu\/index.php\/mesewiki\/","title":{"rendered":"Mesewiki"},"content":{"rendered":"<h2><a  href=\"\/index.php\/a-nepmese-fogalma\">A n\u00e9pmese fogalma<\/a><\/h2>\n<h2><a class=\"not-a\" href=\"\/index.php\/a-mese-almufajai\">A mese alm\u0171fajai<\/a><\/h2>\n<h2><a class=\"not-a\" href=\"\/index.php\/a-nepmese-mufaji-jellemzoi\">A n\u00e9pmese m\u0171faji jellemz\u0151i<\/a><\/h2>\n<h2><a class=\"not-a\" href=\"\/index.php\/a-nepmese-esztetikuma\">A n\u00e9pmese eszt\u00e9tikuma<\/a><\/h2>\n<h2><a class=\"not-a\" href=\"\/index.php\/mesemondas\">Mesemond\u00e1s<\/a><\/h2>\n<p><\/br><\/p>\n<h4 class=tab1>A MeseWikit k\u00e9sz\u00edtette \u00e9s k\u00f6zerm\u0171k\u00f6d\u00f6tt:<\/p>\n<h4>\n<h5 class=tab2>K\u00e9sz\u00edt\u0151: Havay Vikt\u00f3ria, S\u00e1ndor Ildik\u00f3<\/h5>\n<h5 class=tab2>K\u00f6zrem\u0171k\u00f6d\u00f6tt: Szabad Bogl\u00e1rka<\/h5>\n<p><\/br><\/div>\n<div id=1 class=\"tab2\" style=\"display:none\">\n<\/br>K\u00e9sz\u00edt\u0151: Havay Vikt\u00f3ria, S\u00e1ndor Ildik\u00f3<\/br><br \/>\nK\u00f6zrem\u0171k\u00f6d\u00f6tt: Szabad Bogl\u00e1rka <\/br><\/div>\n<p><\/br><\/p>\n<form action=\"\/index.php\">\n    <input type=\"submit\" value=\"Vissza\" \/><br \/>\n<\/form>\n<style>\na:hover, a:visited, a:link, a:active{\ntext-decoration: none;\n}\n<\/style>\n","protected":false},"excerpt":{"rendered":"<p>A n\u00e9pmese fogalma A mese alm\u0171fajai A n\u00e9pmese m\u0171faji jellemz\u0151i A n\u00e9pmese eszt\u00e9tikuma Mesemond\u00e1s A MeseWikit k\u00e9sz\u00edtette \u00e9s k\u00f6zerm\u0171k\u00f6d\u00f6tt: K\u00e9sz\u00edt\u0151: Havay Vikt\u00f3ria, S\u00e1ndor Ildik\u00f3 K\u00f6zrem\u0171k\u00f6d\u00f6tt: Szabad Bogl\u00e1rka K\u00e9sz\u00edt\u0151: Havay Vikt\u00f3ria, &hellip; <\/p>\n<p class=\"link-more\"><a href=\"https:\/\/nepmese.hagyomanyokhaza.hu\/index.php\/mesewiki\/\" class=\"more-link\"><span class=\"screen-reader-text\">&#8220;Mesewiki&#8221;<\/span> b\u0151vebben<\/a><\/p>\n","protected":false},"author":1,"featured_media":0,"parent":0,"menu_order":0,"comment_status":"closed","ping_status":"closed","template":"","meta":{"_EventAllDay":false,"_EventTimezone":"","_EventStartDate":"","_EventEndDate":"","_EventStartDateUTC":"","_EventEndDateUTC":"","_EventShowMap":false,"_EventShowMapLink":false,"_EventURL":"","_EventCost":"","_EventCostDescription":"","_EventCurrencySymbol":"","_EventCurrencyCode":"","_EventCurrencyPosition":"","_EventDateTimeSeparator":"","_EventTimeRangeSeparator":"","_EventOrganizerID":[],"_EventVenueID":0,"_OrganizerEmail":"","_OrganizerPhone":"","_OrganizerWebsite":"","_VenueAddress":"","_VenueCity":"","_VenueCountry":"","_VenueProvince":"","_VenueZip":"","_VenuePhone":"","_VenueURL":"","_VenueStateProvince":"","_VenueLat":"","_VenueLng":""},"_links":{"self":[{"href":"https:\/\/nepmese.hagyomanyokhaza.hu\/index.php\/wp-json\/wp\/v2\/pages\/643"}],"collection":[{"href":"https:\/\/nepmese.hagyomanyokhaza.hu\/index.php\/wp-json\/wp\/v2\/pages"}],"about":[{"href":"https:\/\/nepmese.hagyomanyokhaza.hu\/index.php\/wp-json\/wp\/v2\/types\/page"}],"author":[{"embeddable":true,"href":"https:\/\/nepmese.hagyomanyokhaza.hu\/index.php\/wp-json\/wp\/v2\/users\/1"}],"replies":[{"embeddable":true,"href":"https:\/\/nepmese.hagyomanyokhaza.hu\/index.php\/wp-json\/wp\/v2\/comments?post=643"}],"version-history":[{"count":55,"href":"https:\/\/nepmese.hagyomanyokhaza.hu\/index.php\/wp-json\/wp\/v2\/pages\/643\/revisions"}],"predecessor-version":[{"id":1375,"href":"https:\/\/nepmese.hagyomanyokhaza.hu\/index.php\/wp-json\/wp\/v2\/pages\/643\/revisions\/1375"}],"wp:attachment":[{"href":"https:\/\/nepmese.hagyomanyokhaza.hu\/index.php\/wp-json\/wp\/v2\/media?parent=643"}],"curies":[{"name":"wp","href":"https:\/\/api.w.org\/{rel}","templated":true}]}}