{"id":5,"date":"2021-03-03T20:04:29","date_gmt":"2021-03-03T20:04:29","guid":{"rendered":"https:\/\/gaborkallos.com\/website\/?page_id=5"},"modified":"2021-12-14T21:41:47","modified_gmt":"2021-12-14T20:41:47","slug":"fooldal","status":"publish","type":"page","link":"https:\/\/nepmese.hagyomanyokhaza.hu\/","title":{"rendered":"F\u0151oldal"},"content":{"rendered":"<h2>\u00dcdv\u00f6z\u00f6llek a weboldalon.<\/h2>\n<p>A n\u00e9pmese csod\u00e1latos kincs\u00fcnk, soksz\u00edn\u0171 folkl\u00f3rm\u0171faj, melyet ma is lehet \u00e9lvezetesen, m\u00e9gis hagyom\u00e1nyos m\u00f3don haszn\u00e1lni, \u00e9ltetni. Programjainkon nagy figyelmet ford\u00edtunk az \u00e9l\u0151szavas mesemond\u00e1sra, a K\u00e1rp\u00e1t-medence n\u00e9pmesekincs\u00e9nek meg\u0151rz\u00e9s\u00e9re, tov\u00e1bbad\u00e1s\u00e1ra.<\/p>\n<p>L\u00e1togass el k\u00e9pz\u00e9seinkre, rendezv\u00e9nyeinkre, ismerkedj meg a magyar n\u00e9pmese vil\u00e1g\u00e1val, a t\u00e1nch\u00e1zmozgalom mesemond\u00f3ival!<\/p>\n","protected":false},"excerpt":{"rendered":"<p>\u00dcdv\u00f6z\u00f6llek a weboldalon. A n\u00e9pmese csod\u00e1latos kincs\u00fcnk, soksz\u00edn\u0171 folkl\u00f3rm\u0171faj, melyet ma is lehet \u00e9lvezetesen, m\u00e9gis hagyom\u00e1nyos m\u00f3don haszn\u00e1lni, \u00e9ltetni. Programjainkon nagy figyelmet ford\u00edtunk az \u00e9l\u0151szavas mesemond\u00e1sra, a K\u00e1rp\u00e1t-medence n\u00e9pmesekincs\u00e9nek meg\u0151rz\u00e9s\u00e9re, &hellip; <\/p>\n<p class=\"link-more\"><a href=\"https:\/\/nepmese.hagyomanyokhaza.hu\/\" class=\"more-link\"><span class=\"screen-reader-text\">&#8220;F\u0151oldal&#8221;<\/span> b\u0151vebben<\/a><\/p>\n","protected":false},"author":1,"featured_media":0,"parent":0,"menu_order":0,"comment_status":"closed","ping_status":"closed","template":"","meta":{"_EventAllDay":false,"_EventTimezone":"","_EventStartDate":"","_EventEndDate":"","_EventStartDateUTC":"","_EventEndDateUTC":"","_EventShowMap":false,"_EventShowMapLink":false,"_EventURL":"","_EventCost":"","_EventCostDescription":"","_EventCurrencySymbol":"","_EventCurrencyCode":"","_EventCurrencyPosition":"","_EventDateTimeSeparator":"","_EventTimeRangeSeparator":"","_EventOrganizerID":[],"_EventVenueID":0,"_OrganizerEmail":"","_OrganizerPhone":"","_OrganizerWebsite":"","_VenueAddress":"","_VenueCity":"","_VenueCountry":"","_VenueProvince":"","_VenueZip":"","_VenuePhone":"","_VenueURL":"","_VenueStateProvince":"","_VenueLat":"","_VenueLng":""},"_links":{"self":[{"href":"https:\/\/nepmese.hagyomanyokhaza.hu\/index.php\/wp-json\/wp\/v2\/pages\/5"}],"collection":[{"href":"https:\/\/nepmese.hagyomanyokhaza.hu\/index.php\/wp-json\/wp\/v2\/pages"}],"about":[{"href":"https:\/\/nepmese.hagyomanyokhaza.hu\/index.php\/wp-json\/wp\/v2\/types\/page"}],"author":[{"embeddable":true,"href":"https:\/\/nepmese.hagyomanyokhaza.hu\/index.php\/wp-json\/wp\/v2\/users\/1"}],"replies":[{"embeddable":true,"href":"https:\/\/nepmese.hagyomanyokhaza.hu\/index.php\/wp-json\/wp\/v2\/comments?post=5"}],"version-history":[{"count":33,"href":"https:\/\/nepmese.hagyomanyokhaza.hu\/index.php\/wp-json\/wp\/v2\/pages\/5\/revisions"}],"predecessor-version":[{"id":2014,"href":"https:\/\/nepmese.hagyomanyokhaza.hu\/index.php\/wp-json\/wp\/v2\/pages\/5\/revisions\/2014"}],"wp:attachment":[{"href":"https:\/\/nepmese.hagyomanyokhaza.hu\/index.php\/wp-json\/wp\/v2\/media?parent=5"}],"curies":[{"name":"wp","href":"https:\/\/api.w.org\/{rel}","templated":true}]}}